{"id":1112,"date":"2025-10-26T15:16:52","date_gmt":"2025-10-26T15:16:52","guid":{"rendered":"https:\/\/dev.marvinfitzner.com\/?page_id=1112"},"modified":"2025-10-26T15:21:40","modified_gmt":"2025-10-26T15:21:40","slug":"impressum","status":"publish","type":"page","link":"https:\/\/marvinfitzner.com\/en\/impressum\/","title":{"rendered":"Impressum"},"content":{"rendered":"<div data-elementor-type=\"wp-page\" data-elementor-id=\"1112\" class=\"elementor elementor-1112\" data-elementor-post-type=\"page\">\n\t\t\t\t<div class=\"elementor-element elementor-element-4a9609c e-flex e-con-boxed e-con e-parent\" data-id=\"4a9609c\" data-element_type=\"container\" data-e-type=\"container\">\n\t\t\t\t\t<div class=\"e-con-inner\">\n\t\t\t\t<div class=\"elementor-element elementor-element-74e4896 elementor-widget elementor-widget-heading\" data-id=\"74e4896\" data-element_type=\"widget\" data-e-type=\"widget\" data-widget_type=\"heading.default\">\n\t\t\t\t\t<h2 class=\"elementor-heading-title elementor-size-default\">IMPRINT<\/h2>\t\t\t\t<\/div>\n\t\t\t\t<div class=\"elementor-element elementor-element-d8a623d elementor-widget elementor-widget-text-editor\" data-id=\"d8a623d\" data-element_type=\"widget\" data-e-type=\"widget\" data-widget_type=\"text-editor.default\">\n\t\t\t\t\t\t\t\t\t<p>Inhaber : Marvin Fitzner<br \/>Rudolf-Schwander-Stra\u00dfe 15<br \/>34117 Kassel<br \/>Deutschland<br \/>E-Mail-Adresse: info@marvinfitzner.com<br \/>Telefonnummer: 0561 81044505<br \/>Umsatzsteuer-Identifikationsnummer: DE329683382<\/p><p>Verantwortlich f\u00fcr den Inhalt: Marvin Fitzner<\/p><p>Plattform der Europ\u00e4ischen Kommission zur Online-Streitbeilegung (OS) f\u00fcr Verbraucher:\u00a0<a href=\"https:\/\/ec.europa.eu\/consumers\/odr\/\" target=\"_blank\" rel=\"nofollow noopener\">https:\/\/ec.europa.eu\/consumers\/odr\/<\/a>. Wir sind nicht bereit und nicht verpflichtet an einem Streitbeilegungsverfahren vor einer Verbraucherschlichtungsstelle teilzunehmen.<\/p>\t\t\t\t\t\t\t\t<\/div>\n\t\t\t\t\t<\/div>\n\t\t\t\t<\/div>\n\t\t\t\t<\/div>","protected":false},"excerpt":{"rendered":"<p>IMPRESSUM Inhaber : Marvin FitznerRudolf-Schwander-Stra\u00dfe 1534117 KasselDeutschlandE-Mail-Adresse: info@marvinfitzner.comTelefonnummer: 0561 81044505Umsatzsteuer-Identifikationsnummer: DE329683382 Verantwortlich f\u00fcr den Inhalt: Marvin Fitzner Plattform der Europ\u00e4ischen Kommission zur Online-Streitbeilegung (OS) f\u00fcr Verbraucher:\u00a0https:\/\/ec.europa.eu\/consumers\/odr\/. Wir sind nicht bereit und nicht verpflichtet an einem Streitbeilegungsverfahren vor einer Verbraucherschlichtungsstelle teilzunehmen.<\/p>","protected":false},"author":1,"featured_media":0,"parent":0,"menu_order":0,"comment_status":"closed","ping_status":"closed","template":"elementor_header_footer","meta":{"footnotes":""},"class_list":["post-1112","page","type-page","status-publish","hentry"],"_links":{"self":[{"href":"https:\/\/marvinfitzner.com\/en\/wp-json\/wp\/v2\/pages\/1112","targetHints":{"allow":["GET"]}}],"collection":[{"href":"https:\/\/marvinfitzner.com\/en\/wp-json\/wp\/v2\/pages"}],"about":[{"href":"https:\/\/marvinfitzner.com\/en\/wp-json\/wp\/v2\/types\/page"}],"author":[{"embeddable":true,"href":"https:\/\/marvinfitzner.com\/en\/wp-json\/wp\/v2\/users\/1"}],"replies":[{"embeddable":true,"href":"https:\/\/marvinfitzner.com\/en\/wp-json\/wp\/v2\/comments?post=1112"}],"version-history":[{"count":7,"href":"https:\/\/marvinfitzner.com\/en\/wp-json\/wp\/v2\/pages\/1112\/revisions"}],"predecessor-version":[{"id":1119,"href":"https:\/\/marvinfitzner.com\/en\/wp-json\/wp\/v2\/pages\/1112\/revisions\/1119"}],"wp:attachment":[{"href":"https:\/\/marvinfitzner.com\/en\/wp-json\/wp\/v2\/media?parent=1112"}],"curies":[{"name":"wp","href":"https:\/\/api.w.org\/{rel}","templated":true}]}}